{"id":9,"date":"2024-09-05T08:53:19","date_gmt":"2024-09-05T08:53:19","guid":{"rendered":"https:\/\/newmediaartcenter.de\/?page_id=9"},"modified":"2026-04-10T15:47:44","modified_gmt":"2026-04-10T15:47:44","slug":"elementor-9","status":"publish","type":"page","link":"https:\/\/newmediaartcenter.de\/","title":{"rendered":"Home"},"content":{"rendered":"\t\t<div data-elementor-type=\"wp-post\" data-elementor-id=\"9\" class=\"elementor elementor-9\">\n\t\t\t\t<div class=\"elementor-element elementor-element-05c81f2 e-flex e-con-boxed e-con e-parent\" data-id=\"05c81f2\" data-element_type=\"container\">\n\t\t\t\t\t<div class=\"e-con-inner\">\n\t\t<div class=\"elementor-element elementor-element-2744391 e-con-full e-flex e-con e-child\" data-id=\"2744391\" data-element_type=\"container\">\n\t\t\t\t<div class=\"elementor-element elementor-element-5f89b09 elementor-widget elementor-widget-heading\" data-id=\"5f89b09\" data-element_type=\"widget\" data-widget_type=\"heading.default\">\n\t\t\t\t<div class=\"elementor-widget-container\">\n\t\t\t\t\t<h2 class=\"elementor-heading-title elementor-size-default\">NEW MEDIA ART CENTER<\/h2>\t\t\t\t<\/div>\n\t\t\t\t<\/div>\n\t\t\t\t<\/div>\n\t\t\t\t<div class=\"elementor-element elementor-element-e783dae elementor-widget elementor-widget-text-editor\" data-id=\"e783dae\" data-element_type=\"widget\" data-widget_type=\"text-editor.default\">\n\t\t\t\t<div class=\"elementor-widget-container\">\n\t\t\t\t\t\t\t\t\t<p>\u00a0Ausstellungshaus (Exhibition Center) \u2013 1200 m\u00b2 f\u00fcr immersive Erlebnisse und au\u00dfergew\u00f6hnliche Events<\/p>\t\t\t\t\t\t\t\t<\/div>\n\t\t\t\t<\/div>\n\t\t\t\t<div class=\"elementor-element elementor-element-fe6a894 elementor-align-center elementor-widget elementor-widget-button\" data-id=\"fe6a894\" data-element_type=\"widget\" data-widget_type=\"button.default\">\n\t\t\t\t<div class=\"elementor-widget-container\">\n\t\t\t\t\t\t\t\t\t<div class=\"elementor-button-wrapper\">\n\t\t\t\t\t<a class=\"elementor-button elementor-button-link elementor-size-sm\" href=\"https:\/\/rent.newmediaartcenter.de\/\">\n\t\t\t\t\t\t<span class=\"elementor-button-content-wrapper\">\n\t\t\t\t\t\t\t\t\t<span class=\"elementor-button-text\">More about New Media Art Center<\/span>\n\t\t\t\t\t<\/span>\n\t\t\t\t\t<\/a>\n\t\t\t\t<\/div>\n\t\t\t\t\t\t\t\t<\/div>\n\t\t\t\t<\/div>\n\t\t\t\t<div class=\"elementor-element elementor-element-40a6fb8 elementor-widget-divider--view-line elementor-widget elementor-widget-divider\" data-id=\"40a6fb8\" data-element_type=\"widget\" data-widget_type=\"divider.default\">\n\t\t\t\t<div class=\"elementor-widget-container\">\n\t\t\t\t\t\t\t<div class=\"elementor-divider\">\n\t\t\t<span class=\"elementor-divider-separator\">\n\t\t\t\t\t\t<\/span>\n\t\t<\/div>\n\t\t\t\t\t\t<\/div>\n\t\t\t\t<\/div>\n\t\t\t\t<div class=\"elementor-element elementor-element-7941c67 elementor-widget elementor-widget-text-editor\" data-id=\"7941c67\" data-element_type=\"widget\" data-widget_type=\"text-editor.default\">\n\t\t\t\t<div class=\"elementor-widget-container\">\n\t\t\t\t\t\t\t\t\t<p>aktuelle Ausstellung \/ currently on show<\/p>\t\t\t\t\t\t\t\t<\/div>\n\t\t\t\t<\/div>\n\t\t\t\t<div class=\"elementor-element elementor-element-fcb394b elementor-widget elementor-widget-image\" data-id=\"fcb394b\" data-element_type=\"widget\" data-widget_type=\"image.default\">\n\t\t\t\t<div class=\"elementor-widget-container\">\n\t\t\t\t\t\t\t\t\t\t\t\t\t\t\t\t<a href=\"https:\/\/vangoghimmersiv.com\/berlin\/#tickets\">\n\t\t\t\t\t\t\t<img fetchpriority=\"high\" decoding=\"async\" width=\"768\" height=\"432\" src=\"https:\/\/newmediaartcenter.de\/wp-content\/uploads\/2025\/10\/YYF0uz47RZiksqHK7sYn_vincentmunchen1920x1080-768x432.png\" class=\"attachment-medium_large size-medium_large wp-image-81\" alt=\"\" srcset=\"https:\/\/newmediaartcenter.de\/wp-content\/uploads\/2025\/10\/YYF0uz47RZiksqHK7sYn_vincentmunchen1920x1080-768x432.png 768w, https:\/\/newmediaartcenter.de\/wp-content\/uploads\/2025\/10\/YYF0uz47RZiksqHK7sYn_vincentmunchen1920x1080-300x169.png 300w, https:\/\/newmediaartcenter.de\/wp-content\/uploads\/2025\/10\/YYF0uz47RZiksqHK7sYn_vincentmunchen1920x1080-1024x576.png 1024w, https:\/\/newmediaartcenter.de\/wp-content\/uploads\/2025\/10\/YYF0uz47RZiksqHK7sYn_vincentmunchen1920x1080-1536x864.png 1536w, https:\/\/newmediaartcenter.de\/wp-content\/uploads\/2025\/10\/YYF0uz47RZiksqHK7sYn_vincentmunchen1920x1080.png 1920w\" sizes=\"(max-width: 768px) 100vw, 768px\" \/>\t\t\t\t\t\t\t\t<\/a>\n\t\t\t\t\t\t\t\t\t\t\t\t\t\t\t<\/div>\n\t\t\t\t<\/div>\n\t\t\t\t<div class=\"elementor-element elementor-element-5dc2545 elementor-widget-divider--view-line elementor-widget elementor-widget-divider\" data-id=\"5dc2545\" data-element_type=\"widget\" data-widget_type=\"divider.default\">\n\t\t\t\t<div class=\"elementor-widget-container\">\n\t\t\t\t\t\t\t<div class=\"elementor-divider\">\n\t\t\t<span class=\"elementor-divider-separator\">\n\t\t\t\t\t\t<\/span>\n\t\t<\/div>\n\t\t\t\t\t\t<\/div>\n\t\t\t\t<\/div>\n\t\t\t\t<div class=\"elementor-element elementor-element-a243e11 elementor-widget elementor-widget-text-editor\" data-id=\"a243e11\" data-element_type=\"widget\" data-widget_type=\"text-editor.default\">\n\t\t\t\t<div class=\"elementor-widget-container\">\n\t\t\t\t\t\t\t\t\t<p>Unser zweiter Standort auf dem RAW-Gel\u00e4nde \/ our second location on RAW<\/p>\t\t\t\t\t\t\t\t<\/div>\n\t\t\t\t<\/div>\n\t\t\t\t<div class=\"elementor-element elementor-element-47cc48a elementor-widget elementor-widget-image\" data-id=\"47cc48a\" data-element_type=\"widget\" data-widget_type=\"image.default\">\n\t\t\t\t<div class=\"elementor-widget-container\">\n\t\t\t\t\t\t\t\t\t\t\t\t\t\t\t\t<a href=\"https:\/\/auralabs.berlin?utm_source=newmediaartcenter&#038;utm_medium=button&#038;utm_campaign=onsite-assets\">\n\t\t\t\t\t\t\t<img decoding=\"async\" width=\"1190\" height=\"125\" src=\"https:\/\/newmediaartcenter.de\/wp-content\/uploads\/2025\/10\/logo-aura-labs-1.jpg\" class=\"attachment-full size-full wp-image-96\" alt=\"\" srcset=\"https:\/\/newmediaartcenter.de\/wp-content\/uploads\/2025\/10\/logo-aura-labs-1.jpg 1190w, https:\/\/newmediaartcenter.de\/wp-content\/uploads\/2025\/10\/logo-aura-labs-1-300x32.jpg 300w, https:\/\/newmediaartcenter.de\/wp-content\/uploads\/2025\/10\/logo-aura-labs-1-1024x108.jpg 1024w, https:\/\/newmediaartcenter.de\/wp-content\/uploads\/2025\/10\/logo-aura-labs-1-768x81.jpg 768w\" sizes=\"(max-width: 1190px) 100vw, 1190px\" \/>\t\t\t\t\t\t\t\t<\/a>\n\t\t\t\t\t\t\t\t\t\t\t\t\t\t\t<\/div>\n\t\t\t\t<\/div>\n\t\t\t\t<div class=\"elementor-element elementor-element-0217ec9 elementor-widget elementor-widget-video\" data-id=\"0217ec9\" data-element_type=\"widget\" data-settings=\"{&quot;video_type&quot;:&quot;vimeo&quot;,&quot;autoplay&quot;:&quot;yes&quot;,&quot;play_on_mobile&quot;:&quot;yes&quot;,&quot;loop&quot;:&quot;yes&quot;}\" data-widget_type=\"video.default\">\n\t\t\t\t<div class=\"elementor-widget-container\">\n\t\t\t\t\t\t\t<div class=\"elementor-wrapper elementor-open-inline\">\n\t\t\t<iframe class=\"elementor-video-iframe\" allowfullscreen allow=\"autoplay\" title=\"vimeo Video Player\" src=\"https:\/\/player.vimeo.com\/video\/1123975140?autoplay=1&amp;playsinline=1&amp;color&amp;autopause=0&amp;loop=1&amp;muted=0&amp;title=0&amp;portrait=0&amp;byline=0#t=\"><\/iframe>\t\t<\/div>\n\t\t\t\t\t\t<\/div>\n\t\t\t\t<\/div>\n\t\t\t\t<div class=\"elementor-element elementor-element-1688112 elementor-align-center elementor-widget elementor-widget-button\" data-id=\"1688112\" data-element_type=\"widget\" data-widget_type=\"button.default\">\n\t\t\t\t<div class=\"elementor-widget-container\">\n\t\t\t\t\t\t\t\t\t<div class=\"elementor-button-wrapper\">\n\t\t\t\t\t<a class=\"elementor-button elementor-button-link elementor-size-sm\" href=\"https:\/\/auralabs.berlin?utm_source=newmediaartcenter&#038;utm_medium=button&#038;utm_campaign=onsite-assets\">\n\t\t\t\t\t\t<span class=\"elementor-button-content-wrapper\">\n\t\t\t\t\t\t\t\t\t<span class=\"elementor-button-text\">mehr erfahren \/ more info<\/span>\n\t\t\t\t\t<\/span>\n\t\t\t\t\t<\/a>\n\t\t\t\t<\/div>\n\t\t\t\t\t\t\t\t<\/div>\n\t\t\t\t<\/div>\n\t\t\t\t<div class=\"elementor-element elementor-element-38a86d0 elementor-widget elementor-widget-text-editor\" data-id=\"38a86d0\" data-element_type=\"widget\" data-widget_type=\"text-editor.default\">\n\t\t\t\t<div class=\"elementor-widget-container\">\n\t\t\t\t\t\t\t\t\t<p>Vergangene Ausstellungen \/ previous exhibitions<\/p>\t\t\t\t\t\t\t\t<\/div>\n\t\t\t\t<\/div>\n\t\t\t\t<div class=\"elementor-element elementor-element-0ebf848 elementor-widget elementor-widget-image\" data-id=\"0ebf848\" data-element_type=\"widget\" data-widget_type=\"image.default\">\n\t\t\t\t<div class=\"elementor-widget-container\">\n\t\t\t\t\t\t\t\t\t\t\t\t\t\t\t\t<a href=\"https:\/\/pompeji-experience.com\/berlin\/\">\n\t\t\t\t\t\t\t<img decoding=\"async\" width=\"768\" height=\"767\" src=\"https:\/\/newmediaartcenter.de\/wp-content\/uploads\/2025\/02\/pompeii2-768x767.jpg\" class=\"attachment-medium_large size-medium_large wp-image-76\" alt=\"pompeii\" srcset=\"https:\/\/newmediaartcenter.de\/wp-content\/uploads\/2025\/02\/pompeii2-768x767.jpg 768w, https:\/\/newmediaartcenter.de\/wp-content\/uploads\/2025\/02\/pompeii2-300x300.jpg 300w, https:\/\/newmediaartcenter.de\/wp-content\/uploads\/2025\/02\/pompeii2-150x150.jpg 150w, https:\/\/newmediaartcenter.de\/wp-content\/uploads\/2025\/02\/pompeii2.jpg 941w\" sizes=\"(max-width: 768px) 100vw, 768px\" \/>\t\t\t\t\t\t\t\t<\/a>\n\t\t\t\t\t\t\t\t\t\t\t\t\t\t\t<\/div>\n\t\t\t\t<\/div>\n\t\t\t\t<div class=\"elementor-element elementor-element-92ca95d elementor-widget elementor-widget-image\" data-id=\"92ca95d\" data-element_type=\"widget\" data-widget_type=\"image.default\">\n\t\t\t\t<div class=\"elementor-widget-container\">\n\t\t\t\t\t\t\t\t\t\t\t\t\t\t\t\t<a href=\"https:\/\/khroma.berlin\/\">\n\t\t\t\t\t\t\t<img loading=\"lazy\" decoding=\"async\" width=\"640\" height=\"896\" src=\"https:\/\/newmediaartcenter.de\/wp-content\/uploads\/2024\/09\/A6-front-2_page-0001-1.jpg\" class=\"attachment-1536x1536 size-1536x1536 wp-image-30\" alt=\"\" srcset=\"https:\/\/newmediaartcenter.de\/wp-content\/uploads\/2024\/09\/A6-front-2_page-0001-1.jpg 640w, https:\/\/newmediaartcenter.de\/wp-content\/uploads\/2024\/09\/A6-front-2_page-0001-1-214x300.jpg 214w\" sizes=\"(max-width: 640px) 100vw, 640px\" \/>\t\t\t\t\t\t\t\t<\/a>\n\t\t\t\t\t\t\t\t\t\t\t\t\t\t\t<\/div>\n\t\t\t\t<\/div>\n\t\t\t\t<div class=\"elementor-element elementor-element-f9f37ce elementor-widget elementor-widget-image\" data-id=\"f9f37ce\" data-element_type=\"widget\" data-widget_type=\"image.default\">\n\t\t\t\t<div class=\"elementor-widget-container\">\n\t\t\t\t\t\t\t\t\t\t\t\t\t\t\t\t<a href=\"https:\/\/www.tutanchamun-immersiv.de\/tut\/berlin\">\n\t\t\t\t\t\t\t<img loading=\"lazy\" decoding=\"async\" width=\"768\" height=\"768\" src=\"https:\/\/newmediaartcenter.de\/wp-content\/uploads\/2024\/09\/TUT_INSTA_FB_1080x1080-768x768.jpg\" class=\"attachment-medium_large size-medium_large wp-image-66\" alt=\"\" srcset=\"https:\/\/newmediaartcenter.de\/wp-content\/uploads\/2024\/09\/TUT_INSTA_FB_1080x1080-768x768.jpg 768w, https:\/\/newmediaartcenter.de\/wp-content\/uploads\/2024\/09\/TUT_INSTA_FB_1080x1080-300x300.jpg 300w, https:\/\/newmediaartcenter.de\/wp-content\/uploads\/2024\/09\/TUT_INSTA_FB_1080x1080-1024x1024.jpg 1024w, https:\/\/newmediaartcenter.de\/wp-content\/uploads\/2024\/09\/TUT_INSTA_FB_1080x1080-150x150.jpg 150w, https:\/\/newmediaartcenter.de\/wp-content\/uploads\/2024\/09\/TUT_INSTA_FB_1080x1080.jpg 1080w\" sizes=\"(max-width: 768px) 100vw, 768px\" \/>\t\t\t\t\t\t\t\t<\/a>\n\t\t\t\t\t\t\t\t\t\t\t\t\t\t\t<\/div>\n\t\t\t\t<\/div>\n\t\t\t\t<div class=\"elementor-element elementor-element-25bbcf8 elementor-widget elementor-widget-text-editor\" data-id=\"25bbcf8\" data-element_type=\"widget\" data-widget_type=\"text-editor.default\">\n\t\t\t\t<div class=\"elementor-widget-container\">\n\t\t\t\t\t\t\t\t\t<p><a href=\"https:\/\/newmediaartcenter.de\/?page_id=7\">Impressum<\/a> | <a href=\"https:\/\/newmediaartcenter.de\/?page_id=48\">Datenschutz<\/a><\/p>\t\t\t\t\t\t\t\t<\/div>\n\t\t\t\t<\/div>\n\t\t\t\t\t<\/div>\n\t\t\t\t<\/div>\n\t\t\t\t<\/div>\n\t\t","protected":false},"excerpt":{"rendered":"<p>NEW MEDIA ART CENTER \u00a0Ausstellungshaus (Exhibition Center) \u2013 1200 m\u00b2 f\u00fcr immersive Erlebnisse und au\u00dfergew\u00f6hnliche Events More about New Media Art Center aktuelle Ausstellung \/ currently on show Unser zweiter Standort auf dem RAW-Gel\u00e4nde \/ our second location on RAW mehr erfahren \/ more info Vergangene Ausstellungen \/ previous exhibitions Impressum | Datenschutz<\/p>\n","protected":false},"author":1,"featured_media":0,"parent":0,"menu_order":0,"comment_status":"closed","ping_status":"closed","template":"elementor_canvas","meta":{"footnotes":""},"class_list":["post-9","page","type-page","status-publish","hentry"],"yoast_head":"<!-- This site is optimized with the Yoast SEO plugin v26.8 - https:\/\/yoast.com\/product\/yoast-seo-wordpress\/ -->\n<title>Home - New Media Art Center |Berlin<\/title>\n<meta name=\"robots\" content=\"index, follow, max-snippet:-1, max-image-preview:large, max-video-preview:-1\" \/>\n<link rel=\"canonical\" href=\"https:\/\/newmediaartcenter.de\/\" \/>\n<meta property=\"og:locale\" content=\"de_DE\" \/>\n<meta property=\"og:type\" content=\"article\" \/>\n<meta property=\"og:title\" content=\"Home - New Media Art Center |Berlin\" \/>\n<meta property=\"og:description\" content=\"NEW MEDIA ART CENTER \u00a0Ausstellungshaus (Exhibition Center) \u2013 1200 m\u00b2 f\u00fcr immersive Erlebnisse und au\u00dfergew\u00f6hnliche Events More about New Media Art Center aktuelle Ausstellung \/ currently on show Unser zweiter Standort auf dem RAW-Gel\u00e4nde \/ our second location on RAW mehr erfahren \/ more info Vergangene Ausstellungen \/ previous exhibitions Impressum | Datenschutz\" \/>\n<meta property=\"og:url\" content=\"https:\/\/newmediaartcenter.de\/\" \/>\n<meta property=\"og:site_name\" content=\"New Media Art Center |Berlin\" \/>\n<meta property=\"article:modified_time\" content=\"2026-04-10T15:47:44+00:00\" \/>\n<meta property=\"og:image\" content=\"https:\/\/newmediaartcenter.de\/wp-content\/uploads\/2025\/10\/YYF0uz47RZiksqHK7sYn_vincentmunchen1920x1080-1024x576.png\" \/>\n\t<meta property=\"og:image:width\" content=\"1024\" \/>\n\t<meta property=\"og:image:height\" content=\"576\" \/>\n\t<meta property=\"og:image:type\" content=\"image\/png\" \/>\n<meta name=\"twitter:card\" content=\"summary_large_image\" \/>\n<meta name=\"twitter:label1\" content=\"Gesch\u00e4tzte Lesezeit\" \/>\n\t<meta name=\"twitter:data1\" content=\"2\u00a0Minuten\" \/>\n<script type=\"application\/ld+json\" class=\"yoast-schema-graph\">{\"@context\":\"https:\/\/schema.org\",\"@graph\":[{\"@type\":\"WebPage\",\"@id\":\"https:\/\/newmediaartcenter.de\/\",\"url\":\"https:\/\/newmediaartcenter.de\/\",\"name\":\"Home - New Media Art Center |Berlin\",\"isPartOf\":{\"@id\":\"https:\/\/newmediaartcenter.de\/#website\"},\"primaryImageOfPage\":{\"@id\":\"https:\/\/newmediaartcenter.de\/#primaryimage\"},\"image\":{\"@id\":\"https:\/\/newmediaartcenter.de\/#primaryimage\"},\"thumbnailUrl\":\"https:\/\/newmediaartcenter.de\/wp-content\/uploads\/2025\/10\/YYF0uz47RZiksqHK7sYn_vincentmunchen1920x1080-768x432.png\",\"datePublished\":\"2024-09-05T08:53:19+00:00\",\"dateModified\":\"2026-04-10T15:47:44+00:00\",\"breadcrumb\":{\"@id\":\"https:\/\/newmediaartcenter.de\/#breadcrumb\"},\"inLanguage\":\"de\",\"potentialAction\":[{\"@type\":\"ReadAction\",\"target\":[\"https:\/\/newmediaartcenter.de\/\"]}]},{\"@type\":\"ImageObject\",\"inLanguage\":\"de\",\"@id\":\"https:\/\/newmediaartcenter.de\/#primaryimage\",\"url\":\"https:\/\/newmediaartcenter.de\/wp-content\/uploads\/2025\/10\/YYF0uz47RZiksqHK7sYn_vincentmunchen1920x1080.png\",\"contentUrl\":\"https:\/\/newmediaartcenter.de\/wp-content\/uploads\/2025\/10\/YYF0uz47RZiksqHK7sYn_vincentmunchen1920x1080.png\",\"width\":1920,\"height\":1080},{\"@type\":\"BreadcrumbList\",\"@id\":\"https:\/\/newmediaartcenter.de\/#breadcrumb\",\"itemListElement\":[{\"@type\":\"ListItem\",\"position\":1,\"name\":\"Start\",\"item\":\"https:\/\/newmediaartcenter.de\/\"},{\"@type\":\"ListItem\",\"position\":2,\"name\":\"Home\"}]},{\"@type\":\"WebSite\",\"@id\":\"https:\/\/newmediaartcenter.de\/#website\",\"url\":\"https:\/\/newmediaartcenter.de\/\",\"name\":\"New Media Art Center Berlin \u2013 Ausstellungshaus (Exhibition Center)\",\"description\":\"\",\"publisher\":{\"@id\":\"https:\/\/newmediaartcenter.de\/#organization\"},\"potentialAction\":[{\"@type\":\"SearchAction\",\"target\":{\"@type\":\"EntryPoint\",\"urlTemplate\":\"https:\/\/newmediaartcenter.de\/?s={search_term_string}\"},\"query-input\":{\"@type\":\"PropertyValueSpecification\",\"valueRequired\":true,\"valueName\":\"search_term_string\"}}],\"inLanguage\":\"de\"},{\"@type\":\"Organization\",\"@id\":\"https:\/\/newmediaartcenter.de\/#organization\",\"name\":\"New Media Art Center Berlin \u2013 Ausstellungshaus (Exhibition Center)\",\"url\":\"https:\/\/newmediaartcenter.de\/\",\"logo\":{\"@type\":\"ImageObject\",\"inLanguage\":\"de\",\"@id\":\"https:\/\/newmediaartcenter.de\/#\/schema\/logo\/image\/\",\"url\":\"https:\/\/newmediaartcenter.de\/wp-content\/uploads\/2026\/01\/Gemini_Generated_Image_j85odbj85odbj85o.png\",\"contentUrl\":\"https:\/\/newmediaartcenter.de\/wp-content\/uploads\/2026\/01\/Gemini_Generated_Image_j85odbj85odbj85o.png\",\"width\":1024,\"height\":1024,\"caption\":\"New Media Art Center Berlin \u2013 Ausstellungshaus (Exhibition Center)\"},\"image\":{\"@id\":\"https:\/\/newmediaartcenter.de\/#\/schema\/logo\/image\/\"}}]}<\/script>\n<!-- \/ Yoast SEO plugin. -->","yoast_head_json":{"title":"Home - New Media Art Center |Berlin","robots":{"index":"index","follow":"follow","max-snippet":"max-snippet:-1","max-image-preview":"max-image-preview:large","max-video-preview":"max-video-preview:-1"},"canonical":"https:\/\/newmediaartcenter.de\/","og_locale":"de_DE","og_type":"article","og_title":"Home - New Media Art Center |Berlin","og_description":"NEW MEDIA ART CENTER \u00a0Ausstellungshaus (Exhibition Center) \u2013 1200 m\u00b2 f\u00fcr immersive Erlebnisse und au\u00dfergew\u00f6hnliche Events More about New Media Art Center aktuelle Ausstellung \/ currently on show Unser zweiter Standort auf dem RAW-Gel\u00e4nde \/ our second location on RAW mehr erfahren \/ more info Vergangene Ausstellungen \/ previous exhibitions Impressum | Datenschutz","og_url":"https:\/\/newmediaartcenter.de\/","og_site_name":"New Media Art Center |Berlin","article_modified_time":"2026-04-10T15:47:44+00:00","og_image":[{"width":1024,"height":576,"url":"https:\/\/newmediaartcenter.de\/wp-content\/uploads\/2025\/10\/YYF0uz47RZiksqHK7sYn_vincentmunchen1920x1080-1024x576.png","type":"image\/png"}],"twitter_card":"summary_large_image","twitter_misc":{"Gesch\u00e4tzte Lesezeit":"2\u00a0Minuten"},"schema":{"@context":"https:\/\/schema.org","@graph":[{"@type":"WebPage","@id":"https:\/\/newmediaartcenter.de\/","url":"https:\/\/newmediaartcenter.de\/","name":"Home - New Media Art Center |Berlin","isPartOf":{"@id":"https:\/\/newmediaartcenter.de\/#website"},"primaryImageOfPage":{"@id":"https:\/\/newmediaartcenter.de\/#primaryimage"},"image":{"@id":"https:\/\/newmediaartcenter.de\/#primaryimage"},"thumbnailUrl":"https:\/\/newmediaartcenter.de\/wp-content\/uploads\/2025\/10\/YYF0uz47RZiksqHK7sYn_vincentmunchen1920x1080-768x432.png","datePublished":"2024-09-05T08:53:19+00:00","dateModified":"2026-04-10T15:47:44+00:00","breadcrumb":{"@id":"https:\/\/newmediaartcenter.de\/#breadcrumb"},"inLanguage":"de","potentialAction":[{"@type":"ReadAction","target":["https:\/\/newmediaartcenter.de\/"]}]},{"@type":"ImageObject","inLanguage":"de","@id":"https:\/\/newmediaartcenter.de\/#primaryimage","url":"https:\/\/newmediaartcenter.de\/wp-content\/uploads\/2025\/10\/YYF0uz47RZiksqHK7sYn_vincentmunchen1920x1080.png","contentUrl":"https:\/\/newmediaartcenter.de\/wp-content\/uploads\/2025\/10\/YYF0uz47RZiksqHK7sYn_vincentmunchen1920x1080.png","width":1920,"height":1080},{"@type":"BreadcrumbList","@id":"https:\/\/newmediaartcenter.de\/#breadcrumb","itemListElement":[{"@type":"ListItem","position":1,"name":"Start","item":"https:\/\/newmediaartcenter.de\/"},{"@type":"ListItem","position":2,"name":"Home"}]},{"@type":"WebSite","@id":"https:\/\/newmediaartcenter.de\/#website","url":"https:\/\/newmediaartcenter.de\/","name":"New Media Art Center Berlin \u2013 Ausstellungshaus (Exhibition Center)","description":"","publisher":{"@id":"https:\/\/newmediaartcenter.de\/#organization"},"potentialAction":[{"@type":"SearchAction","target":{"@type":"EntryPoint","urlTemplate":"https:\/\/newmediaartcenter.de\/?s={search_term_string}"},"query-input":{"@type":"PropertyValueSpecification","valueRequired":true,"valueName":"search_term_string"}}],"inLanguage":"de"},{"@type":"Organization","@id":"https:\/\/newmediaartcenter.de\/#organization","name":"New Media Art Center Berlin \u2013 Ausstellungshaus (Exhibition Center)","url":"https:\/\/newmediaartcenter.de\/","logo":{"@type":"ImageObject","inLanguage":"de","@id":"https:\/\/newmediaartcenter.de\/#\/schema\/logo\/image\/","url":"https:\/\/newmediaartcenter.de\/wp-content\/uploads\/2026\/01\/Gemini_Generated_Image_j85odbj85odbj85o.png","contentUrl":"https:\/\/newmediaartcenter.de\/wp-content\/uploads\/2026\/01\/Gemini_Generated_Image_j85odbj85odbj85o.png","width":1024,"height":1024,"caption":"New Media Art Center Berlin \u2013 Ausstellungshaus (Exhibition Center)"},"image":{"@id":"https:\/\/newmediaartcenter.de\/#\/schema\/logo\/image\/"}}]}},"_links":{"self":[{"href":"https:\/\/newmediaartcenter.de\/index.php?rest_route=\/wp\/v2\/pages\/9","targetHints":{"allow":["GET"]}}],"collection":[{"href":"https:\/\/newmediaartcenter.de\/index.php?rest_route=\/wp\/v2\/pages"}],"about":[{"href":"https:\/\/newmediaartcenter.de\/index.php?rest_route=\/wp\/v2\/types\/page"}],"author":[{"embeddable":true,"href":"https:\/\/newmediaartcenter.de\/index.php?rest_route=\/wp\/v2\/users\/1"}],"replies":[{"embeddable":true,"href":"https:\/\/newmediaartcenter.de\/index.php?rest_route=%2Fwp%2Fv2%2Fcomments&post=9"}],"version-history":[{"count":68,"href":"https:\/\/newmediaartcenter.de\/index.php?rest_route=\/wp\/v2\/pages\/9\/revisions"}],"predecessor-version":[{"id":129,"href":"https:\/\/newmediaartcenter.de\/index.php?rest_route=\/wp\/v2\/pages\/9\/revisions\/129"}],"wp:attachment":[{"href":"https:\/\/newmediaartcenter.de\/index.php?rest_route=%2Fwp%2Fv2%2Fmedia&parent=9"}],"curies":[{"name":"wp","href":"https:\/\/api.w.org\/{rel}","templated":true}]}}